{"id":131,"date":"2023-12-08T09:42:21","date_gmt":"2023-12-08T09:42:21","guid":{"rendered":"http:\/\/bdevs.net\/theme\/klinixer\/?page_id=131"},"modified":"2025-01-15T07:34:22","modified_gmt":"2025-01-15T07:34:22","slug":"a-propos","status":"publish","type":"page","link":"https:\/\/sbmenage.ca\/?page_id=131","title":{"rendered":"A Propos"},"content":{"rendered":"\t\t<div data-elementor-type=\"wp-page\" data-elementor-id=\"131\" class=\"elementor elementor-131\">\n\t\t\t\t\t\t\t\t\t<section class=\"elementor-section elementor-top-section elementor-element elementor-element-d36df55 elementor-section-full_width elementor-section-height-default elementor-section-height-default\" data-id=\"d36df55\" data-element_type=\"section\">\n\t\t\t\t\t\t<div class=\"elementor-container elementor-column-gap-no\">\n\t\t\t\t\t<header class=\"elementor-column elementor-col-100 elementor-top-column elementor-element elementor-element-dcbf55a\" data-id=\"dcbf55a\" data-element_type=\"column\">\n\t\t\t<div class=\"elementor-widget-wrap elementor-element-populated\">\n\t\t\t\t\t\t\t\t<div class=\"elementor-element elementor-element-f3fe736 elementor-widget elementor-widget-bdevs-slider bdevselement bdevs-slider\" data-id=\"f3fe736\" data-element_type=\"widget\" data-settings=\"{&quot;design_style&quot;:&quot;style_2&quot;,&quot;animation_speed&quot;:300,&quot;autoplay&quot;:&quot;yes&quot;,&quot;autoplay_speed&quot;:3000,&quot;slidetoshow&quot;:1,&quot;loop&quot;:&quot;yes&quot;,&quot;navigation&quot;:&quot;arrow&quot;}\" data-widget_type=\"bdevs-slider.default\">\n\t\t\t\t<div class=\"elementor-widget-container\">\n\t\t\t\r\n\r\n         \r\n        <!-- slide area start -->\r\n        <section class=\"homepage-slide homepage-slide-2 owl-carousel\">\r\n                        <div class=\"single-slide-item single-slide-item-2 bg_img align-items-center d-flex\" data-background=\"https:\/\/sbmenage.ca\/wp-content\/uploads\/2023\/12\/shutterstock_1687829290-1.jpg\">\r\n                <div class=\"container\">\r\n                    <div class=\"row\">\r\n                        <div class=\"col-xl-12\">\r\n                            <div class=\"single-slide-content single-slide-content-2\">\r\n                                <div class=\"slide-shape\">\r\n                                                                        <span><img decoding=\"async\" data-animation=\"zoomIn\" data-delay=\".1s\" src=\"https:\/\/sbmenage.ca\/wp-content\/uploads\/2020\/07\/banner-2-shape-1.png\" alt=\"\"><\/span>\r\n                                                                                                            <span><img decoding=\"async\" data-animation=\"zoomIn\" data-delay=\".3s\" src=\"https:\/\/sbmenage.ca\/wp-content\/uploads\/2020\/07\/banner-2-shape-2.png\" alt=\"\"><\/span>\r\n                                                                    <\/div>\r\n                                                                <div class=\"slide-text\" data-animation=\"fadeInUp\" data-delay=\".3s\">\r\n                                    <p>Un service de nettoyage professionnel et minutieux<\/p>\r\n                                <\/div>\r\n                                \r\n                                                                <h1 class=\"slide-title\" data-animation=\"fadeInUp\" data-delay=\".5s\">Faites appel <br>  \u00e0 nos sp\u00e9cialistes<\/h1>\r\n                                \r\n                                <div class=\"slide-btns mt-40\">\r\n                                <!-- button one  -->\r\n                                <a class=\"site-btn boxed\" data-animation=\"fadeInUp\" data-delay=\".7s\" href=\"https:\/\/sbmenage.ca\/?page_id=418\">Nos Services<\/a>\r\n                                <!-- button two  -->\r\n                                <a class=\"site-btn\" data-animation=\"fadeInUp\" data-delay=\".9s\" href=\"https:\/\/sbmenage.ca\/?page_id=418\">Nous Joindre <span class=\"icon\"><i class=\"fal fa-calendar-alt\"><\/i><\/span> <\/a>\r\n                                    \r\n                                <\/div>\r\n                            <\/div>\r\n                        <\/div>\r\n                    <\/div>\r\n                <\/div>\r\n            <\/div>\r\n                    <\/section>\r\n        <!-- slide area end -->\r\n\r\n        \r\n        \t\t<\/div>\n\t\t\t\t<\/div>\n\t\t\t\t\t<\/div>\n\t\t<\/header>\n\t\t\t\t\t\t\t<\/div>\n\t\t<\/section>\n\t\t\t\t<section class=\"elementor-section elementor-top-section elementor-element elementor-element-6901715e elementor-section-full_width elementor-section-height-default elementor-section-height-default\" data-id=\"6901715e\" data-element_type=\"section\" data-settings=\"{&quot;background_background&quot;:&quot;classic&quot;}\">\n\t\t\t\t\t\t<div class=\"elementor-container elementor-column-gap-no\">\n\t\t\t\t\t<div class=\"elementor-column elementor-col-100 elementor-top-column elementor-element elementor-element-1631fd22\" data-id=\"1631fd22\" data-element_type=\"column\">\n\t\t\t<div class=\"elementor-widget-wrap elementor-element-populated\">\n\t\t\t\t\t\t\t\t<div class=\"elementor-element elementor-element-3ee66512 elementor-widget elementor-widget-bdevs-about bdevselement bdevs-about\" data-id=\"3ee66512\" data-element_type=\"widget\" data-settings=\"{&quot;design_style&quot;:&quot;style_3&quot;}\" data-widget_type=\"bdevs-about.default\">\n\t\t\t\t<div class=\"elementor-widget-container\">\n\t\t\t\r\n                <section class=\"about-area about-area-2\">\r\n            <div class=\"container\">\r\n                <div class=\"row\">\r\n                    <div class=\"col-xl-6 col-lg-6\">\r\n                        <div class=\"about-left-side about-left-side-2\">\r\n                                                        <div class=\"about-thumb-big\" data-tilt data-tilt-perspective=\"3000\">\r\n                                <img decoding=\"async\" src=\"https:\/\/sbmenage.ca\/wp-content\/uploads\/2020\/07\/service-details-3.jpeg\" alt=\"\">\r\n                            <\/div>\r\n                                                                                    <div class=\"about-thumb-mid\">\r\n                                <div class=\"about-thumb-mid-wrap\" data-tilt data-tilt-perspective=\"3000\">\r\n                                    <img decoding=\"async\" src=\"https:\/\/sbmenage.ca\/wp-content\/uploads\/2023\/12\/Cleaning-2sbmenage.jpg\" alt=\"\">\r\n                                <\/div>\r\n                                                                <div class=\"about-thumb-box\">\r\n                                    <h2 class=\"title\"><span class=\"odometer\" data-count=\"10\">00<\/span><span class=\"plus\">+<\/span>\r\n                                        <span class=\"year\">Ann\u00e9es d'Experience<\/span><\/h2>\r\n                                <\/div>\r\n                                                            <\/div>\r\n                                                                                <\/div>\r\n                    <\/div>\r\n                    <div class=\"col-xl-6 col-lg-6\">\r\n                        <div class=\"about-right-side about-right-side-2\">\r\n                            <div class=\"section-heading section-heading-2 mb-45\">\r\n                                                                <h5 class=\"sub-title mb-22\">A Propos - SB M\u00e9nage<\/h5>\r\n                                                                <h2 class=\"section-title\">Sp\u00e9cialistes en entretien m\u00e9nager r\u00e9sidentiel &amp; commercial<\/h2>                            <\/div>\r\n                            <div class=\"about-list-wrapper\">\r\n                                                                <div class=\"content\">\r\n                                    <p>Que ce soit pour un entretien m\u00e9nager r\u00e9sidentiel ou commercial, quotidien, hebdomadaire ou occasionnel, <b>SB M\u00e9nage<\/b> offre des services cl\u00e9 en main et sur mesure r\u00e9pondra \u00e0 tous vos besoins particuliers en mati\u00e8re de nettoyage.<br>\n\nNos \u00e9quipes de confiance, s\u00e9lectionn\u00e9es avec soin, garantissent un service d\u2019entretien m\u00e9nager flexible, rapide et en profondeur. Joignables en tout temps, d\u00e9di\u00e9es et fiables, elles s\u2019occupent de tout pour que puissiez vous concentrer sur ce qui compte r\u00e9ellement.<br>\n\nFiable et minutieux, nous pouvons affirmer offrir un rapport qualit\u00e9-prix imbattable.<\/p>\r\n                                <\/div>\r\n                                                                <div class=\"about-list about-list-2 mt-none-20\">\r\n                                                                        <div class=\"single-item d-flex align-items-center mt-20\">\r\n                                                                                <div class=\"icon\">\r\n                                            <i aria-hidden=\"true\" class=\"fal fa-check\"><\/i>                                        <\/div>\r\n                                                                                                                        <span>Un service flexible<\/span>\r\n                                                                            <\/div>\r\n                                                                        <div class=\"single-item d-flex align-items-center mt-20\">\r\n                                                                                <div class=\"icon\">\r\n                                            <i aria-hidden=\"true\" class=\"fal fa-check\"><\/i>                                        <\/div>\r\n                                                                                                                        <span>Des \u00e9quipes professionnelles<\/span>\r\n                                                                            <\/div>\r\n                                                                        <div class=\"single-item d-flex align-items-center mt-20\">\r\n                                                                                <div class=\"icon\">\r\n                                            <i aria-hidden=\"true\" class=\"fal fa-check\"><\/i>                                        <\/div>\r\n                                                                                                                        <span>Un budget conforme \u00e0 vos besoins<\/span>\r\n                                                                            <\/div>\r\n                                                                        <div class=\"single-item d-flex align-items-center mt-20\">\r\n                                                                                <div class=\"icon\">\r\n                                            <i aria-hidden=\"true\" class=\"fal fa-check\"><\/i>                                        <\/div>\r\n                                                                                                                        <span>La qualit\u00e9 &amp; rigueur au travail<\/span>\r\n                                                                            <\/div>\r\n                                                                    <\/div>\r\n                                <div class=\"about-list-author mt-40\">\r\n                                                                        <p><b>SB M\u00e9nage<\/b> s\u2019engage \u00e0 offrir \u00e0 sa client\u00e8le r\u00e9sidentielle et commerciale une gamme compl\u00e8te de services en entretien m\u00e9nager qui respectent les hauts standards de qualit\u00e9 &amp; de l'environement.<\/p>\r\n                                                                        \r\n                                                                    <\/div>\r\n                            <\/div>\r\n                        <\/div>\r\n                    <\/div>\r\n                <\/div>\r\n            <\/div>\r\n        <\/section>\r\n\r\n        \r\n\r\n\r\n        \t\t<\/div>\n\t\t\t\t<\/div>\n\t\t\t\t\t<\/div>\n\t\t<\/div>\n\t\t\t\t\t\t\t<\/div>\n\t\t<\/section>\n\t\t\t\t<section class=\"elementor-section elementor-top-section elementor-element elementor-element-7ea9025f elementor-section-boxed elementor-section-height-default elementor-section-height-default\" data-id=\"7ea9025f\" data-element_type=\"section\">\n\t\t\t\t\t\t<div class=\"elementor-container elementor-column-gap-extended\">\n\t\t\t\t\t<div class=\"elementor-column elementor-col-33 elementor-top-column elementor-element elementor-element-45967f2a\" data-id=\"45967f2a\" data-element_type=\"column\">\n\t\t\t<div class=\"elementor-widget-wrap elementor-element-populated\">\n\t\t\t\t\t\t\t\t<div class=\"elementor-element elementor-element-7b426302 elementor-widget elementor-widget-bdevs-mission bdevselement bdevs-mission\" data-id=\"7b426302\" data-element_type=\"widget\" data-widget_type=\"bdevs-mission.default\">\n\t\t\t\t<div class=\"elementor-widget-container\">\n\t\t\t\r\n        <div class=\"single-mission-box text-center\">\r\n                        <h2 class=\"mission-box-title\">Notre Vision<\/h2>\r\n                        <p>Notre vision est d'\u00eatre reconnue comme la marque franchis\u00e9e de premier plan dans l\u2019industrie du nettoyage commercial.<\/p>\r\n            \r\n            <div class=\"mission-lists mt-35\">\r\n                <ul>\r\n                                        <li>\r\n                                                <span class=\"list-icon\">\r\n                            <i class=\"fal fa-check\"><\/i>\r\n                        <\/span> \r\n                        \r\n                                                Entretien R\u00e9sidentiel                                            <\/li>\r\n                                        <li>\r\n                                                <span class=\"list-icon\">\r\n                            <i class=\"fal fa-check\"><\/i>\r\n                        <\/span> \r\n                        \r\n                                                Entretien Commercial                                            <\/li>\r\n                                        <li>\r\n                                                <span class=\"list-icon\">\r\n                            <i class=\"fal fa-check\"><\/i>\r\n                        <\/span> \r\n                        \r\n                                                Entretien industriel                                            <\/li>\r\n                                    <\/ul>\r\n            <\/div>\r\n        <\/div>\r\n\r\n        \t\t<\/div>\n\t\t\t\t<\/div>\n\t\t\t\t\t<\/div>\n\t\t<\/div>\n\t\t\t\t<div class=\"elementor-column elementor-col-33 elementor-top-column elementor-element elementor-element-40a5dc89\" data-id=\"40a5dc89\" data-element_type=\"column\">\n\t\t\t<div class=\"elementor-widget-wrap elementor-element-populated\">\n\t\t\t\t\t\t\t\t<div class=\"elementor-element elementor-element-3e660e90 elementor-widget elementor-widget-bdevs-mission bdevselement bdevs-mission\" data-id=\"3e660e90\" data-element_type=\"widget\" data-widget_type=\"bdevs-mission.default\">\n\t\t\t\t<div class=\"elementor-widget-container\">\n\t\t\t\r\n        <div class=\"single-mission-box text-center\">\r\n                        <h2 class=\"mission-box-title\">Notre Mission<\/h2>\r\n                        <p>Offrir un service de m\u00e9nage de haute qualit\u00e9, d\u2019une fiabilit\u00e9 inscrite dans le processus d\u2019am\u00e9lioration continue.<\/p>\r\n            \r\n            <div class=\"mission-lists mt-35\">\r\n                <ul>\r\n                                        <li>\r\n                                                <span class=\"list-icon\">\r\n                            <i class=\"fal fa-check\"><\/i>\r\n                        <\/span> \r\n                        \r\n                                                Service de Haute Qualit\u00e9                                            <\/li>\r\n                                        <li>\r\n                                                <span class=\"list-icon\">\r\n                            <i class=\"fal fa-check\"><\/i>\r\n                        <\/span> \r\n                        \r\n                                                Fiabilit\u00e9 &amp; honn\u00eatet\u00e9                                            <\/li>\r\n                                        <li>\r\n                                                <span class=\"list-icon\">\r\n                            <i class=\"fal fa-check\"><\/i>\r\n                        <\/span> \r\n                        \r\n                                                Respect de l'environnement                                            <\/li>\r\n                                    <\/ul>\r\n            <\/div>\r\n        <\/div>\r\n\r\n        \t\t<\/div>\n\t\t\t\t<\/div>\n\t\t\t\t\t<\/div>\n\t\t<\/div>\n\t\t\t\t<div class=\"elementor-column elementor-col-33 elementor-top-column elementor-element elementor-element-6cf592ed\" data-id=\"6cf592ed\" data-element_type=\"column\">\n\t\t\t<div class=\"elementor-widget-wrap elementor-element-populated\">\n\t\t\t\t\t\t\t\t<div class=\"elementor-element elementor-element-e8c9041 elementor-widget elementor-widget-bdevs-mission bdevselement bdevs-mission\" data-id=\"e8c9041\" data-element_type=\"widget\" data-widget_type=\"bdevs-mission.default\">\n\t\t\t\t<div class=\"elementor-widget-container\">\n\t\t\t\r\n        <div class=\"single-mission-box text-center\">\r\n                        <h2 class=\"mission-box-title\">Nos Valeurs<\/h2>\r\n                        <p>Notre principale force est de former une grande famille qui r\u00e9serve une place privil\u00e9gi\u00e9e \u00e0 ses clients.<\/p>\r\n            \r\n            <div class=\"mission-lists mt-35\">\r\n                <ul>\r\n                                        <li>\r\n                                                <span class=\"list-icon\">\r\n                            <i class=\"fal fa-check\"><\/i>\r\n                        <\/span> \r\n                        \r\n                                                Int\u00e9grit\u00e9                                            <\/li>\r\n                                        <li>\r\n                                                <span class=\"list-icon\">\r\n                            <i class=\"fal fa-check\"><\/i>\r\n                        <\/span> \r\n                        \r\n                                                Professionnalisme                                            <\/li>\r\n                                        <li>\r\n                                                <span class=\"list-icon\">\r\n                            <i class=\"fal fa-check\"><\/i>\r\n                        <\/span> \r\n                        \r\n                                                Service hors pair                                            <\/li>\r\n                                    <\/ul>\r\n            <\/div>\r\n        <\/div>\r\n\r\n        \t\t<\/div>\n\t\t\t\t<\/div>\n\t\t\t\t\t<\/div>\n\t\t<\/div>\n\t\t\t\t\t\t\t<\/div>\n\t\t<\/section>\n\t\t\t\t<section class=\"elementor-section elementor-top-section elementor-element elementor-element-577f9eaf elementor-section-boxed elementor-section-height-default elementor-section-height-default\" data-id=\"577f9eaf\" data-element_type=\"section\" data-settings=\"{&quot;background_background&quot;:&quot;video&quot;}\">\n\t\t\t\t\t\t<div class=\"elementor-container elementor-column-gap-no\">\n\t\t\t\t\t<div class=\"elementor-column elementor-col-50 elementor-top-column elementor-element elementor-element-2b1712b2\" data-id=\"2b1712b2\" data-element_type=\"column\">\n\t\t\t<div class=\"elementor-widget-wrap elementor-element-populated\">\n\t\t\t\t\t\t\t\t<div class=\"elementor-element elementor-element-4cead22 elementor-widget elementor-widget-bdevs-icon-box bdevselement bdevs-icon-box\" data-id=\"4cead22\" data-element_type=\"widget\" data-settings=\"{&quot;design_style&quot;:&quot;style_3&quot;}\" data-widget_type=\"bdevs-icon-box.default\">\n\t\t\t\t<div class=\"elementor-widget-container\">\n\t\t\t\r\n                    <div class=\"footer-top-box d-flex align-items-center left\">\r\n                <div class=\"footer-box-icon\">\r\n                                        <figure>\r\n                        <img decoding=\"async\" width=\"56\" height=\"55\" src=\"https:\/\/sbmenage.ca\/wp-content\/uploads\/2020\/07\/track-icon.png\" class=\"elementor-animation-disable-animation attachment-medium_large size-medium_large wp-image-202\" alt=\"\" \/>                    <\/figure>\r\n                                    <\/div>\r\n                <div class=\"footer-box-content\">\r\n                    <h2 class=\"footer-box-title\">Nos plans de travail<\/h2>\r\n                                        <p class=\"content-desc\">Sp\u00e9cialiste en entretien m\u00e9nager, notre plan de travail est bien \u00e9tudi\u00e9 pour assurer votre confort. <\/p>\r\n                    \r\n                                        <a href=\"https:\/\/sbmenage.ca\/?page_id=664\" class=\"inline-btn\"><i class=\"fal fa-arrow-right\"><\/i><\/a>\r\n                    \r\n                <\/div>\r\n            <\/div>\r\n                \r\n        \t\t<\/div>\n\t\t\t\t<\/div>\n\t\t\t\t\t<\/div>\n\t\t<\/div>\n\t\t\t\t<div class=\"elementor-column elementor-col-50 elementor-top-column elementor-element elementor-element-38c7a0e3\" data-id=\"38c7a0e3\" data-element_type=\"column\">\n\t\t\t<div class=\"elementor-widget-wrap elementor-element-populated\">\n\t\t\t\t\t\t\t\t<div class=\"elementor-element elementor-element-644ca88d elementor-widget elementor-widget-bdevs-icon-box bdevselement bdevs-icon-box\" data-id=\"644ca88d\" data-element_type=\"widget\" data-settings=\"{&quot;design_style&quot;:&quot;style_3&quot;}\" data-widget_type=\"bdevs-icon-box.default\">\n\t\t\t\t<div class=\"elementor-widget-container\">\n\t\t\t\r\n                    <div class=\"footer-top-box d-flex align-items-center right\">\r\n                <div class=\"footer-box-icon\">\r\n                                        <figure>\r\n                        <img decoding=\"async\" width=\"58\" height=\"56\" src=\"https:\/\/sbmenage.ca\/wp-content\/uploads\/2020\/07\/estimate-icon.png\" class=\"elementor-animation-disable-animation attachment-medium_large size-medium_large wp-image-203\" alt=\"\" \/>                    <\/figure>\r\n                                    <\/div>\r\n                <div class=\"footer-box-content\">\r\n                    <h2 class=\"footer-box-title\">Demander un Devis<\/h2>\r\n                                        <p class=\"content-desc\">SB M\u00e9nage offre des services de nettoyage r\u00e9sidentiel &amp; commercial.<\/p>\r\n                    \r\n                                        <a href=\"https:\/\/sbmenage.ca\/?page_id=418\" class=\"inline-btn\"><i class=\"fal fa-arrow-right\"><\/i><\/a>\r\n                    \r\n                <\/div>\r\n            <\/div>\r\n                \r\n        \t\t<\/div>\n\t\t\t\t<\/div>\n\t\t\t\t\t<\/div>\n\t\t<\/div>\n\t\t\t\t\t\t\t<\/div>\n\t\t<\/section>\n\t\t\t\t\t\t\t<\/div>\n\t\t","protected":false},"excerpt":{"rendered":"<p>Un service de nettoyage professionnel et minutieux Faites appel \u00e0 nos sp\u00e9cialistes Nos Services Nous Joindre 00+ Ann\u00e9es d&#8217;Experience A Propos &#8211; SB M\u00e9nage Sp\u00e9cialistes en entretien m\u00e9nager r\u00e9sidentiel &amp; commercial Que ce soit pour un entretien m\u00e9nager r\u00e9sidentiel ou commercial, quotidien, hebdomadaire ou occasionnel, SB M\u00e9nage offre des services cl\u00e9 en main et sur [&hellip;]<\/p>\n","protected":false},"author":1,"featured_media":0,"parent":0,"menu_order":0,"comment_status":"closed","ping_status":"closed","template":"elementor_header_footer","meta":{"_eb_attr":"","footnotes":""},"class_list":["post-131","page","type-page","status-publish","hentry"],"acf":[],"_links":{"self":[{"href":"https:\/\/sbmenage.ca\/index.php?rest_route=\/wp\/v2\/pages\/131","targetHints":{"allow":["GET"]}}],"collection":[{"href":"https:\/\/sbmenage.ca\/index.php?rest_route=\/wp\/v2\/pages"}],"about":[{"href":"https:\/\/sbmenage.ca\/index.php?rest_route=\/wp\/v2\/types\/page"}],"author":[{"embeddable":true,"href":"https:\/\/sbmenage.ca\/index.php?rest_route=\/wp\/v2\/users\/1"}],"replies":[{"embeddable":true,"href":"https:\/\/sbmenage.ca\/index.php?rest_route=%2Fwp%2Fv2%2Fcomments&post=131"}],"version-history":[{"count":51,"href":"https:\/\/sbmenage.ca\/index.php?rest_route=\/wp\/v2\/pages\/131\/revisions"}],"predecessor-version":[{"id":1228,"href":"https:\/\/sbmenage.ca\/index.php?rest_route=\/wp\/v2\/pages\/131\/revisions\/1228"}],"wp:attachment":[{"href":"https:\/\/sbmenage.ca\/index.php?rest_route=%2Fwp%2Fv2%2Fmedia&parent=131"}],"curies":[{"name":"wp","href":"https:\/\/api.w.org\/{rel}","templated":true}]}}