{"id":418,"date":"2020-07-19T04:18:32","date_gmt":"2020-07-19T04:18:32","guid":{"rendered":"http:\/\/bdevs.net\/theme\/klinixer\/?page_id=418"},"modified":"2025-04-11T17:09:33","modified_gmt":"2025-04-11T17:09:33","slug":"contact","status":"publish","type":"page","link":"https:\/\/sbmenage.ca\/?page_id=418","title":{"rendered":"Contact"},"content":{"rendered":"\t\t<div data-elementor-type=\"wp-page\" data-elementor-id=\"418\" class=\"elementor elementor-418\">\n\t\t\t\t\t\t\t\t\t<section class=\"elementor-section elementor-top-section elementor-element elementor-element-3424488e elementor-section-full_width elementor-section-height-default elementor-section-height-default\" data-id=\"3424488e\" data-element_type=\"section\">\n\t\t\t\t\t\t<div class=\"elementor-container elementor-column-gap-no\">\n\t\t\t\t\t<div class=\"elementor-column elementor-col-100 elementor-top-column elementor-element elementor-element-32d34f8e\" data-id=\"32d34f8e\" data-element_type=\"column\">\n\t\t\t<div class=\"elementor-widget-wrap elementor-element-populated\">\n\t\t\t\t\t\t\t\t<div class=\"elementor-element elementor-element-4697768 elementor-widget elementor-widget-bdevs-slider bdevselement bdevs-slider\" data-id=\"4697768\" data-element_type=\"widget\" data-settings=\"{&quot;design_style&quot;:&quot;style_1&quot;,&quot;animation_speed&quot;:300,&quot;autoplay&quot;:&quot;yes&quot;,&quot;autoplay_speed&quot;:3000,&quot;slidetoshow&quot;:1,&quot;loop&quot;:&quot;yes&quot;,&quot;navigation&quot;:&quot;arrow&quot;}\" data-widget_type=\"bdevs-slider.default\">\n\t\t\t\t<div class=\"elementor-widget-container\">\n\t\t\t\r\n\r\n                <section class=\"homepage-slide owl-carousel\">\r\n                        <div class=\"single-slide-item bg_img\" data-overlay=\"5\" data-background=\"https:\/\/sbmenage.ca\/wp-content\/uploads\/2023\/12\/bannerenteteContact.jpg\">\r\n                <div class=\"slide-shape-left\">\r\n                                        <span><img decoding=\"async\" src=\"https:\/\/sbmenage.ca\/wp-content\/uploads\/2020\/07\/banner-2-shape-1.png\" alt=\"\"><\/span>\r\n                                                            <span><img decoding=\"async\" src=\"https:\/\/sbmenage.ca\/wp-content\/uploads\/2020\/07\/banner-2-shape-2.png\" alt=\"\"><\/span>\r\n                                    <\/div>\r\n                <div class=\"container\">\r\n                    <div class=\"row\">\r\n                        <div class=\"col-xl-12\">\r\n                            <div class=\"single-slide-content\">\r\n                                                                                                                                                                            <h1 class=\"slide-title\" data-animation=\"fadeInUp\" data-delay=\".5s\">SB M\u00e9nage <br>  est votre solution!<\/h1>\r\n                                                                                                <\/div>\r\n                        <\/div>\r\n                    <\/div>\r\n                <\/div>\r\n                <div class=\"slide-shape-right\">\r\n                                        <span><img decoding=\"async\" src=\"https:\/\/sbmenage.ca\/wp-content\/uploads\/2020\/07\/banner-1-shape-color-2.png\" alt=\"\"><\/span>\r\n                                                            <span><img decoding=\"async\" src=\"https:\/\/sbmenage.ca\/wp-content\/uploads\/2020\/07\/banner-1-shape-white-2.png\" alt=\"\"><\/span>\r\n                                    <\/div>\r\n            <\/div>\r\n                    <\/section>\r\n\r\n        \r\n        \t\t<\/div>\n\t\t\t\t<\/div>\n\t\t\t\t\t<\/div>\n\t\t<\/div>\n\t\t\t\t\t\t\t<\/div>\n\t\t<\/section>\n\t\t\t\t<section class=\"elementor-section elementor-top-section elementor-element elementor-element-f13e4f8 elementor-section-full_width elementor-section-height-default elementor-section-height-default\" data-id=\"f13e4f8\" data-element_type=\"section\">\n\t\t\t\t\t\t<div class=\"elementor-container elementor-column-gap-no\">\n\t\t\t\t\t<div class=\"elementor-column elementor-col-100 elementor-top-column elementor-element elementor-element-d013e55\" data-id=\"d013e55\" data-element_type=\"column\">\n\t\t\t<div class=\"elementor-widget-wrap elementor-element-populated\">\n\t\t\t\t\t\t\t\t<div class=\"elementor-element elementor-element-a060ff7 elementor-widget elementor-widget-bdevs-cf7 bdevselement bdevs-cf7\" data-id=\"a060ff7\" data-element_type=\"widget\" data-settings=\"{&quot;design_style&quot;:&quot;style_5&quot;}\" data-widget_type=\"bdevs-cf7.default\">\n\t\t\t\t<div class=\"elementor-widget-container\">\n\t\t\t\r\n                <section class=\"contact-area pb-40\">\r\n            <div class=\"container\">\r\n                <div class=\"row\">\r\n                    <div class=\"col-xl-12\">\r\n                        <div class=\"contact-wrap\">\r\n                            <div class=\"row\">\r\n                                <div class=\"col-xl-5 col-lg-5\">\r\n                                    <div class=\"medinet-custom-embed\">\r\n                                    <iframe src=\"https:\/\/maps.google.com\/maps?q=1171+melisande+Laval+Qu%C3%A9bec+H7A3P4&amp;t=m&amp;z=10&amp;output=embed&amp;iwloc=near\"><\/iframe>                                    <\/div>\r\n                                <\/div>\r\n                                <div class=\"col-xl-5 col-lg-6 offset-xl-1\">\r\n                                    <div class=\"ct-form-wrp\">\r\n                                        <div class=\"section-heading section-heading-2 mb-60 mt-75\">\r\n                                                                                            <h4 class=\"sub-title\">SB MENAGE<\/h4>\r\n                                                                                        <h2 class=\"section-title\">Nous contacter<\/h2>                                                                                            <p>Pour une soumission gratuite, contactez-nous par courriel ou par t\u00e9l\u00e9phone ou remplissez le formulaire ci-joint<\/p>\r\n                                                                                    <\/div>\r\n                                        <div class=\"cta-form mt-none-10 mb-75\">\r\n                                            \n<div class=\"wpcf7 no-js\" id=\"wpcf7-f251-o1\" lang=\"en-US\" dir=\"ltr\">\n<div class=\"screen-reader-response\"><p role=\"status\" aria-live=\"polite\" aria-atomic=\"true\"><\/p> <ul><\/ul><\/div>\n<form action=\"\/index.php?rest_route=%2Fwp%2Fv2%2Fpages%2F418#wpcf7-f251-o1\" method=\"post\" class=\"wpcf7-form init bdevs-cf7-form\" aria-label=\"Contact form\" novalidate=\"novalidate\" data-status=\"init\">\n<div style=\"display: none;\">\n<input type=\"hidden\" name=\"_wpcf7\" value=\"251\" \/>\n<input type=\"hidden\" name=\"_wpcf7_version\" value=\"5.8.4\" \/>\n<input type=\"hidden\" name=\"_wpcf7_locale\" value=\"en_US\" \/>\n<input type=\"hidden\" name=\"_wpcf7_unit_tag\" value=\"wpcf7-f251-o1\" \/>\n<input type=\"hidden\" name=\"_wpcf7_container_post\" value=\"0\" \/>\n<input type=\"hidden\" name=\"_wpcf7_posted_data_hash\" value=\"\" \/>\n<\/div>\n<div class=\"form-group mt-10\">\n\t<p><label for=\"name\"><i class=\"fal fa-user\"><\/i><\/label><span class=\"wpcf7-form-control-wrap\" data-name=\"ct-name\"><input size=\"40\" class=\"wpcf7-form-control wpcf7-text\" id=\"name\" aria-invalid=\"false\" placeholder=\"Nom Complet\" value=\"\" type=\"text\" name=\"ct-name\" \/><\/span>\n\t<\/p>\n<\/div>\n<div class=\"form-group mt-10\">\n\t<p><label for=\"email\"><i class=\"fal fa-envelope\"><\/i><\/label><span class=\"wpcf7-form-control-wrap\" data-name=\"ct-email\"><input size=\"40\" class=\"wpcf7-form-control wpcf7-email wpcf7-text wpcf7-validates-as-email\" id=\"email\" aria-invalid=\"false\" placeholder=\"Email\" value=\"\" type=\"email\" name=\"ct-email\" \/><\/span>\n\t<\/p>\n<\/div>\n<div class=\"form-group mt-10\">\n\t<p><label for=\"T\u00e9l\"><i class=\"fal fa-phone\"><\/i><\/label><span class=\"wpcf7-form-control-wrap\" data-name=\"tel-219\"><input size=\"40\" class=\"wpcf7-form-control wpcf7-tel wpcf7-validates-as-required wpcf7-text wpcf7-validates-as-tel\" aria-required=\"true\" aria-invalid=\"false\" value=\"T\u00e9l\" type=\"tel\" name=\"tel-219\" \/><\/span>\n\t<\/p>\n<\/div>\n<div class=\"form-group mt-10\">\n\t<p><label for=\"T\u00e9l\"><i class=\"fal fa-list\"><\/i><\/label><span class=\"wpcf7-form-control-wrap\" data-name=\"textarea-950\"><textarea cols=\"40\" rows=\"10\" class=\"wpcf7-form-control wpcf7-textarea\" aria-invalid=\"false\" name=\"textarea-950\">Votre Message<\/textarea><\/span>\n\t<\/p>\n<\/div>\n<div class=\"form-group>\n\t<p><label for=\"Quiz\"><\/label><span class=\"wpcf7-form-control-wrap\" data-name=\"quiz-775\"><label><span class=\"wpcf7-quiz-label\">18+2=?<\/span> <input size=\"40\" class=\"wpcf7-form-control wpcf7-quiz\" autocomplete=\"off\" aria-required=\"true\" aria-invalid=\"false\" type=\"text\" name=\"quiz-775\" \/><\/label><input type=\"hidden\" name=\"_wpcf7_quiz_answer_quiz-775\" value=\"238ee67361c429c527f8ae5b65649918\" \/><\/span>\n\t<\/p>\n<\/div>\n<div class=\"form-group mt-10\">\n<\/div>\n<p><input class=\"wpcf7-form-control wpcf7-submit has-spinner site-btn boxed\" type=\"submit\" value=\"Valider\" \/>\n<\/p><p style=\"display: none !important;\" class=\"akismet-fields-container\" data-prefix=\"_wpcf7_ak_\"><label>&#916;<textarea name=\"_wpcf7_ak_hp_textarea\" cols=\"45\" rows=\"8\" maxlength=\"100\"><\/textarea><\/label><input type=\"hidden\" id=\"ak_js_1\" name=\"_wpcf7_ak_js\" value=\"190\"\/><script>document.getElementById( \"ak_js_1\" ).setAttribute( \"value\", ( new Date() ).getTime() );<\/script><\/p><div class=\"wpcf7-response-output\" aria-hidden=\"true\"><\/div>\n<\/form>\n<\/div>\n \r\n                                        <\/div>\r\n                                    <\/div>\r\n                                <\/div>\r\n                            <\/div>\r\n                        <\/div>\r\n                    <\/div>\r\n                <\/div>\r\n            <\/div>\r\n        <\/section>\r\n\r\n        \r\n            \r\n\r\n        \t\t<\/div>\n\t\t\t\t<\/div>\n\t\t\t\t\t<\/div>\n\t\t<\/div>\n\t\t\t\t\t\t\t<\/div>\n\t\t<\/section>\n\t\t\t\t<section class=\"elementor-section elementor-top-section elementor-element elementor-element-6d262b2e elementor-section-boxed elementor-section-height-default elementor-section-height-default\" data-id=\"6d262b2e\" data-element_type=\"section\" data-settings=\"{&quot;background_background&quot;:&quot;video&quot;}\">\n\t\t\t\t\t\t<div class=\"elementor-container elementor-column-gap-no\">\n\t\t\t\t\t<div class=\"elementor-column elementor-col-50 elementor-top-column elementor-element elementor-element-40e9be0c\" data-id=\"40e9be0c\" data-element_type=\"column\">\n\t\t\t<div class=\"elementor-widget-wrap elementor-element-populated\">\n\t\t\t\t\t\t\t\t<div class=\"elementor-element elementor-element-1614ae6b elementor-widget elementor-widget-bdevs-icon-box bdevselement bdevs-icon-box\" data-id=\"1614ae6b\" data-element_type=\"widget\" data-settings=\"{&quot;design_style&quot;:&quot;style_3&quot;}\" data-widget_type=\"bdevs-icon-box.default\">\n\t\t\t\t<div class=\"elementor-widget-container\">\n\t\t\t\r\n                    <div class=\"footer-top-box d-flex align-items-center left\">\r\n                <div class=\"footer-box-icon\">\r\n                                        <figure>\r\n                        <img decoding=\"async\" width=\"56\" height=\"55\" src=\"https:\/\/sbmenage.ca\/wp-content\/uploads\/2020\/07\/track-icon.png\" class=\"elementor-animation-disable-animation attachment-medium_large size-medium_large wp-image-202\" alt=\"\" \/>                    <\/figure>\r\n                                    <\/div>\r\n                <div class=\"footer-box-content\">\r\n                    <h2 class=\"footer-box-title\">Nos plans de travail<\/h2>\r\n                                        <p class=\"content-desc\">Sp\u00e9cialiste en entretien m\u00e9nager, notre plan de travail est bien \u00e9tudi\u00e9 pour assurer votre confort. <\/p>\r\n                    \r\n                    \r\n                <\/div>\r\n            <\/div>\r\n                \r\n        \t\t<\/div>\n\t\t\t\t<\/div>\n\t\t\t\t\t<\/div>\n\t\t<\/div>\n\t\t\t\t<div class=\"elementor-column elementor-col-50 elementor-top-column elementor-element elementor-element-15d422a5\" data-id=\"15d422a5\" data-element_type=\"column\">\n\t\t\t<div class=\"elementor-widget-wrap elementor-element-populated\">\n\t\t\t\t\t\t\t\t<div class=\"elementor-element elementor-element-4a867599 elementor-widget elementor-widget-bdevs-icon-box bdevselement bdevs-icon-box\" data-id=\"4a867599\" data-element_type=\"widget\" data-settings=\"{&quot;design_style&quot;:&quot;style_3&quot;}\" data-widget_type=\"bdevs-icon-box.default\">\n\t\t\t\t<div class=\"elementor-widget-container\">\n\t\t\t\r\n                    <div class=\"footer-top-box d-flex align-items-center right\">\r\n                <div class=\"footer-box-icon\">\r\n                                        <figure>\r\n                        <img decoding=\"async\" width=\"58\" height=\"56\" src=\"https:\/\/sbmenage.ca\/wp-content\/uploads\/2020\/07\/estimate-icon.png\" class=\"elementor-animation-disable-animation attachment-medium_large size-medium_large wp-image-203\" alt=\"\" \/>                    <\/figure>\r\n                                    <\/div>\r\n                <div class=\"footer-box-content\">\r\n                    <h2 class=\"footer-box-title\">Demander un Devis<\/h2>\r\n                                        <p class=\"content-desc\">SB M\u00e9nage offre des services de nettoyage r\u00e9sidentiel &amp; commercial.<\/p>\r\n                    \r\n                    \r\n                <\/div>\r\n            <\/div>\r\n                \r\n        \t\t<\/div>\n\t\t\t\t<\/div>\n\t\t\t\t\t<\/div>\n\t\t<\/div>\n\t\t\t\t\t\t\t<\/div>\n\t\t<\/section>\n\t\t<div class=\"elementor-element elementor-element-f4ed574 e-flex e-con-boxed e-con e-parent\" data-id=\"f4ed574\" data-element_type=\"container\" data-settings=\"{&quot;content_width&quot;:&quot;boxed&quot;}\" data-core-v316-plus=\"true\">\n\t\t\t\t\t<div class=\"e-con-inner\">\n\t\t\t\t\t<\/div>\n\t\t\t\t<\/div>\n\t\t\t\t\t\t\t<\/div>\n\t\t","protected":false},"excerpt":{"rendered":"<p>SB M\u00e9nage est votre solution! SB MENAGE Nous contacter Pour une soumission gratuite, contactez-nous par courriel ou par t\u00e9l\u00e9phone ou remplissez le formulaire ci-joint R\u00e9sidentielCommercialIndustriel Nos plans de travail Sp\u00e9cialiste en entretien m\u00e9nager, notre plan de travail est bien \u00e9tudi\u00e9 pour assurer votre confort. Demander un Devis SB M\u00e9nage offre des services de nettoyage r\u00e9sidentiel [&hellip;]<\/p>\n","protected":false},"author":1,"featured_media":917,"parent":0,"menu_order":0,"comment_status":"closed","ping_status":"closed","template":"elementor_theme","meta":{"_eb_attr":"","footnotes":""},"class_list":["post-418","page","type-page","status-publish","has-post-thumbnail","hentry"],"acf":[],"_links":{"self":[{"href":"https:\/\/sbmenage.ca\/index.php?rest_route=\/wp\/v2\/pages\/418","targetHints":{"allow":["GET"]}}],"collection":[{"href":"https:\/\/sbmenage.ca\/index.php?rest_route=\/wp\/v2\/pages"}],"about":[{"href":"https:\/\/sbmenage.ca\/index.php?rest_route=\/wp\/v2\/types\/page"}],"author":[{"embeddable":true,"href":"https:\/\/sbmenage.ca\/index.php?rest_route=\/wp\/v2\/users\/1"}],"replies":[{"embeddable":true,"href":"https:\/\/sbmenage.ca\/index.php?rest_route=%2Fwp%2Fv2%2Fcomments&post=418"}],"version-history":[{"count":42,"href":"https:\/\/sbmenage.ca\/index.php?rest_route=\/wp\/v2\/pages\/418\/revisions"}],"predecessor-version":[{"id":1267,"href":"https:\/\/sbmenage.ca\/index.php?rest_route=\/wp\/v2\/pages\/418\/revisions\/1267"}],"wp:featuredmedia":[{"embeddable":true,"href":"https:\/\/sbmenage.ca\/index.php?rest_route=\/wp\/v2\/media\/917"}],"wp:attachment":[{"href":"https:\/\/sbmenage.ca\/index.php?rest_route=%2Fwp%2Fv2%2Fmedia&parent=418"}],"curies":[{"name":"wp","href":"https:\/\/api.w.org\/{rel}","templated":true}]}}